{"id":16734,"date":"2021-07-15T20:43:46","date_gmt":"2021-07-15T18:43:46","guid":{"rendered":"https:\/\/www.study-buddy.eu\/webshop\/unkategorisiert\/book-buddy\/"},"modified":"2021-07-15T20:43:46","modified_gmt":"2021-07-15T18:43:46","slug":"book-buddy","status":"publish","type":"product","link":"https:\/\/www.study-buddy.eu\/de\/webshop\/book-buddy-de\/book-buddy\/","title":{"rendered":"Book Buddy"},"content":{"rendered":"","protected":false},"excerpt":{"rendered":"<p>Der Book Buddy wurde entwickelt, um eine entspannte Lesehaltung f\u00fcr Sch\u00fcler w\u00e4hrend Lesemomenten im Klassenzimmer zu schaffen. Eine richtige ergonomische K\u00f6rperhaltung sorgt f\u00fcr weniger Belastung der Nacken- oder R\u00fcckenwirbel und spart Energie.<\/p>\n<p>Dar\u00fcber hinaus eignet sich der Book Buddy auch hervorragend zum Pr\u00e4sentieren von Materialien. Zum Beispiel im Unterricht im Rahmen eines Aufmerksamkeitstisches oder w\u00e4hrend einer Vorlesung oder Buchbesprechung.<\/p>\n<p>Karten, B\u00fccher und sogar Tablets lassen sich auf beiden Modellen sch\u00f6n darstellen.<\/p>\n<p>Der Book Buddy l\u00e4sst sich einfach separat verstauen und ist\u00a0<span lang=\"DE\">f\u00fcr B\u00fccher im DIN-A4-Format\u00a0<\/span>(Large) oder <span lang=\"DE\">f\u00fcr B\u00fccher\u00a0<\/span><span lang=\"DE\">im DIN-A3-Format\u00a0<\/span>(XL) erh\u00e4ltlich.<\/p>\n","protected":false},"featured_media":16423,"template":"","meta":[],"product_brand":[],"product_cat":[527],"product_tag":[],"class_list":{"0":"post-16734","1":"product","2":"type-product","3":"status-publish","4":"has-post-thumbnail","6":"product_cat-book-buddy-de","8":"first","9":"instock","10":"taxable","11":"shipping-taxable","12":"purchasable","13":"product-type-variable"},"yoast_head":"<!-- This site is optimized with the Yoast SEO plugin v27.3 - https:\/\/yoast.com\/product\/yoast-seo-wordpress\/ -->\n<title>Book Buddy - Study Buddy<\/title>\n<meta name=\"robots\" content=\"index, follow, max-snippet:-1, max-image-preview:large, max-video-preview:-1\" \/>\n<link rel=\"canonical\" href=\"https:\/\/www.study-buddy.eu\/de\/webshop\/book-buddy-de\/book-buddy\/\" \/>\n<meta property=\"og:locale\" content=\"de_DE\" \/>\n<meta property=\"og:type\" content=\"article\" \/>\n<meta property=\"og:title\" content=\"Book Buddy - Study Buddy\" \/>\n<meta property=\"og:description\" content=\"Der Book Buddy wurde entwickelt, um eine entspannte Lesehaltung f\u00fcr Sch\u00fcler w\u00e4hrend Lesemomenten im Klassenzimmer zu schaffen. Eine richtige ergonomische K\u00f6rperhaltung sorgt f\u00fcr weniger Belastung der Nacken- oder R\u00fcckenwirbel und spart Energie.  Dar\u00fcber hinaus eignet sich der Book Buddy auch hervorragend zum Pr\u00e4sentieren von Materialien. Zum Beispiel im Unterricht im Rahmen eines Aufmerksamkeitstisches oder w\u00e4hrend einer Vorlesung oder Buchbesprechung.  Karten, B\u00fccher und sogar Tablets lassen sich auf beiden Modellen sch\u00f6n darstellen.  Der Book Buddy l\u00e4sst sich einfach separat verstauen und ist\u00a0f\u00fcr B\u00fccher im DIN-A4-Format\u00a0(Large) oder f\u00fcr B\u00fccher\u00a0im DIN-A3-Format\u00a0(XL) erh\u00e4ltlich.\" \/>\n<meta property=\"og:url\" content=\"https:\/\/www.study-buddy.eu\/de\/webshop\/book-buddy-de\/book-buddy\/\" \/>\n<meta property=\"og:site_name\" content=\"Study Buddy\" \/>\n<meta property=\"article:publisher\" content=\"https:\/\/www.facebook.com\/StudyBuddy.eu\/\" \/>\n<meta property=\"og:image\" content=\"https:\/\/www.study-buddy.eu\/wp-content\/uploads\/2021\/07\/Book-Buddy-1-scaled.jpg\" \/>\n\t<meta property=\"og:image:width\" content=\"2560\" \/>\n\t<meta property=\"og:image:height\" content=\"2560\" \/>\n\t<meta property=\"og:image:type\" content=\"image\/jpeg\" \/>\n<meta name=\"twitter:card\" content=\"summary_large_image\" \/>\n<script type=\"application\/ld+json\" class=\"yoast-schema-graph\">{\"@context\":\"https:\\\/\\\/schema.org\",\"@graph\":[{\"@type\":\"WebPage\",\"@id\":\"https:\\\/\\\/www.study-buddy.eu\\\/de\\\/webshop\\\/book-buddy-de\\\/book-buddy\\\/\",\"url\":\"https:\\\/\\\/www.study-buddy.eu\\\/de\\\/webshop\\\/book-buddy-de\\\/book-buddy\\\/\",\"name\":\"Book Buddy - Study Buddy\",\"isPartOf\":{\"@id\":\"https:\\\/\\\/www.study-buddy.eu\\\/de\\\/#website\"},\"primaryImageOfPage\":{\"@id\":\"https:\\\/\\\/www.study-buddy.eu\\\/de\\\/webshop\\\/book-buddy-de\\\/book-buddy\\\/#primaryimage\"},\"image\":{\"@id\":\"https:\\\/\\\/www.study-buddy.eu\\\/de\\\/webshop\\\/book-buddy-de\\\/book-buddy\\\/#primaryimage\"},\"thumbnailUrl\":\"https:\\\/\\\/www.study-buddy.eu\\\/wp-content\\\/uploads\\\/2021\\\/07\\\/Book-Buddy-1-scaled.jpg\",\"datePublished\":\"2021-07-15T18:43:46+00:00\",\"breadcrumb\":{\"@id\":\"https:\\\/\\\/www.study-buddy.eu\\\/de\\\/webshop\\\/book-buddy-de\\\/book-buddy\\\/#breadcrumb\"},\"inLanguage\":\"de\",\"potentialAction\":[{\"@type\":\"ReadAction\",\"target\":[\"https:\\\/\\\/www.study-buddy.eu\\\/de\\\/webshop\\\/book-buddy-de\\\/book-buddy\\\/\"]}]},{\"@type\":\"ImageObject\",\"inLanguage\":\"de\",\"@id\":\"https:\\\/\\\/www.study-buddy.eu\\\/de\\\/webshop\\\/book-buddy-de\\\/book-buddy\\\/#primaryimage\",\"url\":\"https:\\\/\\\/www.study-buddy.eu\\\/wp-content\\\/uploads\\\/2021\\\/07\\\/Book-Buddy-1-scaled.jpg\",\"contentUrl\":\"https:\\\/\\\/www.study-buddy.eu\\\/wp-content\\\/uploads\\\/2021\\\/07\\\/Book-Buddy-1-scaled.jpg\",\"width\":2560,\"height\":2560,\"caption\":\"Book Buddy, Buchst\u00fctze\"},{\"@type\":\"BreadcrumbList\",\"@id\":\"https:\\\/\\\/www.study-buddy.eu\\\/de\\\/webshop\\\/book-buddy-de\\\/book-buddy\\\/#breadcrumb\",\"itemListElement\":[{\"@type\":\"ListItem\",\"position\":1,\"name\":\"Home\",\"item\":\"https:\\\/\\\/www.study-buddy.eu\\\/de\\\/\"},{\"@type\":\"ListItem\",\"position\":2,\"name\":\"Shop\",\"item\":\"https:\\\/\\\/www.study-buddy.eu\\\/de\\\/shop\\\/\"},{\"@type\":\"ListItem\",\"position\":3,\"name\":\"Book Buddy\"}]},{\"@type\":\"WebSite\",\"@id\":\"https:\\\/\\\/www.study-buddy.eu\\\/de\\\/#website\",\"url\":\"https:\\\/\\\/www.study-buddy.eu\\\/de\\\/\",\"name\":\"Study Buddy\",\"description\":\"Leerhulpmiddelen voor in het onderwijs\",\"publisher\":{\"@id\":\"https:\\\/\\\/www.study-buddy.eu\\\/de\\\/#organization\"},\"potentialAction\":[{\"@type\":\"SearchAction\",\"target\":{\"@type\":\"EntryPoint\",\"urlTemplate\":\"https:\\\/\\\/www.study-buddy.eu\\\/de\\\/?s={search_term_string}\"},\"query-input\":{\"@type\":\"PropertyValueSpecification\",\"valueRequired\":true,\"valueName\":\"search_term_string\"}}],\"inLanguage\":\"de\"},{\"@type\":\"Organization\",\"@id\":\"https:\\\/\\\/www.study-buddy.eu\\\/de\\\/#organization\",\"name\":\"Study-Buddy B.V.\",\"url\":\"https:\\\/\\\/www.study-buddy.eu\\\/de\\\/\",\"logo\":{\"@type\":\"ImageObject\",\"inLanguage\":\"de\",\"@id\":\"https:\\\/\\\/www.study-buddy.eu\\\/de\\\/#\\\/schema\\\/logo\\\/image\\\/\",\"url\":\"https:\\\/\\\/www.study-buddy.eu\\\/wp-content\\\/uploads\\\/2022\\\/09\\\/logo_SB_nl_02.png\",\"contentUrl\":\"https:\\\/\\\/www.study-buddy.eu\\\/wp-content\\\/uploads\\\/2022\\\/09\\\/logo_SB_nl_02.png\",\"width\":656,\"height\":238,\"caption\":\"Study-Buddy B.V.\"},\"image\":{\"@id\":\"https:\\\/\\\/www.study-buddy.eu\\\/de\\\/#\\\/schema\\\/logo\\\/image\\\/\"},\"sameAs\":[\"https:\\\/\\\/www.facebook.com\\\/StudyBuddy.eu\\\/\",\"https:\\\/\\\/www.linkedin.com\\\/company\\\/study-buddy-eu\\\/\"]}]}<\/script>\n<!-- \/ Yoast SEO plugin. -->","yoast_head_json":{"title":"Book Buddy - Study Buddy","robots":{"index":"index","follow":"follow","max-snippet":"max-snippet:-1","max-image-preview":"max-image-preview:large","max-video-preview":"max-video-preview:-1"},"canonical":"https:\/\/www.study-buddy.eu\/de\/webshop\/book-buddy-de\/book-buddy\/","og_locale":"de_DE","og_type":"article","og_title":"Book Buddy - Study Buddy","og_description":"Der Book Buddy wurde entwickelt, um eine entspannte Lesehaltung f\u00fcr Sch\u00fcler w\u00e4hrend Lesemomenten im Klassenzimmer zu schaffen. Eine richtige ergonomische K\u00f6rperhaltung sorgt f\u00fcr weniger Belastung der Nacken- oder R\u00fcckenwirbel und spart Energie.  Dar\u00fcber hinaus eignet sich der Book Buddy auch hervorragend zum Pr\u00e4sentieren von Materialien. Zum Beispiel im Unterricht im Rahmen eines Aufmerksamkeitstisches oder w\u00e4hrend einer Vorlesung oder Buchbesprechung.  Karten, B\u00fccher und sogar Tablets lassen sich auf beiden Modellen sch\u00f6n darstellen.  Der Book Buddy l\u00e4sst sich einfach separat verstauen und ist\u00a0f\u00fcr B\u00fccher im DIN-A4-Format\u00a0(Large) oder f\u00fcr B\u00fccher\u00a0im DIN-A3-Format\u00a0(XL) erh\u00e4ltlich.","og_url":"https:\/\/www.study-buddy.eu\/de\/webshop\/book-buddy-de\/book-buddy\/","og_site_name":"Study Buddy","article_publisher":"https:\/\/www.facebook.com\/StudyBuddy.eu\/","og_image":[{"width":2560,"height":2560,"url":"https:\/\/www.study-buddy.eu\/wp-content\/uploads\/2021\/07\/Book-Buddy-1-scaled.jpg","type":"image\/jpeg"}],"twitter_card":"summary_large_image","schema":{"@context":"https:\/\/schema.org","@graph":[{"@type":"WebPage","@id":"https:\/\/www.study-buddy.eu\/de\/webshop\/book-buddy-de\/book-buddy\/","url":"https:\/\/www.study-buddy.eu\/de\/webshop\/book-buddy-de\/book-buddy\/","name":"Book Buddy - Study Buddy","isPartOf":{"@id":"https:\/\/www.study-buddy.eu\/de\/#website"},"primaryImageOfPage":{"@id":"https:\/\/www.study-buddy.eu\/de\/webshop\/book-buddy-de\/book-buddy\/#primaryimage"},"image":{"@id":"https:\/\/www.study-buddy.eu\/de\/webshop\/book-buddy-de\/book-buddy\/#primaryimage"},"thumbnailUrl":"https:\/\/www.study-buddy.eu\/wp-content\/uploads\/2021\/07\/Book-Buddy-1-scaled.jpg","datePublished":"2021-07-15T18:43:46+00:00","breadcrumb":{"@id":"https:\/\/www.study-buddy.eu\/de\/webshop\/book-buddy-de\/book-buddy\/#breadcrumb"},"inLanguage":"de","potentialAction":[{"@type":"ReadAction","target":["https:\/\/www.study-buddy.eu\/de\/webshop\/book-buddy-de\/book-buddy\/"]}]},{"@type":"ImageObject","inLanguage":"de","@id":"https:\/\/www.study-buddy.eu\/de\/webshop\/book-buddy-de\/book-buddy\/#primaryimage","url":"https:\/\/www.study-buddy.eu\/wp-content\/uploads\/2021\/07\/Book-Buddy-1-scaled.jpg","contentUrl":"https:\/\/www.study-buddy.eu\/wp-content\/uploads\/2021\/07\/Book-Buddy-1-scaled.jpg","width":2560,"height":2560,"caption":"Book Buddy, Buchst\u00fctze"},{"@type":"BreadcrumbList","@id":"https:\/\/www.study-buddy.eu\/de\/webshop\/book-buddy-de\/book-buddy\/#breadcrumb","itemListElement":[{"@type":"ListItem","position":1,"name":"Home","item":"https:\/\/www.study-buddy.eu\/de\/"},{"@type":"ListItem","position":2,"name":"Shop","item":"https:\/\/www.study-buddy.eu\/de\/shop\/"},{"@type":"ListItem","position":3,"name":"Book Buddy"}]},{"@type":"WebSite","@id":"https:\/\/www.study-buddy.eu\/de\/#website","url":"https:\/\/www.study-buddy.eu\/de\/","name":"Study Buddy","description":"Leerhulpmiddelen voor in het onderwijs","publisher":{"@id":"https:\/\/www.study-buddy.eu\/de\/#organization"},"potentialAction":[{"@type":"SearchAction","target":{"@type":"EntryPoint","urlTemplate":"https:\/\/www.study-buddy.eu\/de\/?s={search_term_string}"},"query-input":{"@type":"PropertyValueSpecification","valueRequired":true,"valueName":"search_term_string"}}],"inLanguage":"de"},{"@type":"Organization","@id":"https:\/\/www.study-buddy.eu\/de\/#organization","name":"Study-Buddy B.V.","url":"https:\/\/www.study-buddy.eu\/de\/","logo":{"@type":"ImageObject","inLanguage":"de","@id":"https:\/\/www.study-buddy.eu\/de\/#\/schema\/logo\/image\/","url":"https:\/\/www.study-buddy.eu\/wp-content\/uploads\/2022\/09\/logo_SB_nl_02.png","contentUrl":"https:\/\/www.study-buddy.eu\/wp-content\/uploads\/2022\/09\/logo_SB_nl_02.png","width":656,"height":238,"caption":"Study-Buddy B.V."},"image":{"@id":"https:\/\/www.study-buddy.eu\/de\/#\/schema\/logo\/image\/"},"sameAs":["https:\/\/www.facebook.com\/StudyBuddy.eu\/","https:\/\/www.linkedin.com\/company\/study-buddy-eu\/"]}]}},"_links":{"self":[{"href":"https:\/\/www.study-buddy.eu\/de\/wp-json\/wp\/v2\/product\/16734","targetHints":{"allow":["GET"]}}],"collection":[{"href":"https:\/\/www.study-buddy.eu\/de\/wp-json\/wp\/v2\/product"}],"about":[{"href":"https:\/\/www.study-buddy.eu\/de\/wp-json\/wp\/v2\/types\/product"}],"wp:featuredmedia":[{"embeddable":true,"href":"https:\/\/www.study-buddy.eu\/de\/wp-json\/wp\/v2\/media\/16423"}],"wp:attachment":[{"href":"https:\/\/www.study-buddy.eu\/de\/wp-json\/wp\/v2\/media?parent=16734"}],"wp:term":[{"taxonomy":"product_brand","embeddable":true,"href":"https:\/\/www.study-buddy.eu\/de\/wp-json\/wp\/v2\/product_brand?post=16734"},{"taxonomy":"product_cat","embeddable":true,"href":"https:\/\/www.study-buddy.eu\/de\/wp-json\/wp\/v2\/product_cat?post=16734"},{"taxonomy":"product_tag","embeddable":true,"href":"https:\/\/www.study-buddy.eu\/de\/wp-json\/wp\/v2\/product_tag?post=16734"}],"curies":[{"name":"wp","href":"https:\/\/api.w.org\/{rel}","templated":true}]}}